{"id":258,"date":"2021-01-19T20:44:39","date_gmt":"2021-01-19T20:44:39","guid":{"rendered":"https:\/\/www.surent.com.co\/?page_id=258"},"modified":"2024-04-24T19:12:01","modified_gmt":"2024-04-24T19:12:01","slug":"estudio-colectivo","status":"publish","type":"page","link":"https:\/\/www.surent.com.co\/?page_id=258","title":{"rendered":"Estudio Colectivo"},"content":{"rendered":"<p>[et_pb_section fb_built=\u00bb1&#8243; fullwidth=\u00bbon\u00bb next_background_color=\u00bb#ffffff\u00bb admin_label=\u00bbHeader Section\u00bb _builder_version=\u00bb4.16&#8243; background_color=\u00bb#000000&#8243; bottom_divider_style=\u00bbramp\u00bb bottom_divider_flip=\u00bbhorizontal\u00bb global_colors_info=\u00bb{}\u00bb][et_pb_fullwidth_header subhead=\u00bbProceso estudio colectivo\u00bb text_orientation=\u00bbcenter\u00bb content_max_width=\u00bb90%\u00bb _builder_version=\u00bb4.16&#8243; title_font=\u00bbOswald|||on|||||\u00bb title_font_size=\u00bb20px\u00bb title_letter_spacing=\u00bb3px\u00bb title_line_height=\u00bb1.5em\u00bb content_font=\u00bbLora||||||||\u00bb content_font_size=\u00bb22px\u00bb content_line_height=\u00bb2em\u00bb subhead_font=\u00bbBe Vietnam||||||||\u00bb subhead_font_size=\u00bb60px\u00bb subhead_line_height=\u00bb1.5em\u00bb background_color=\u00bbrgba(255,255,255,0)\u00bb background_image=\u00bbhttps:\/\/www.surent.com.co\/wp-content\/uploads\/2021\/01\/joel-muniz-A4Ax1ApccfA-unsplash-1-scaled.jpg\u00bb parallax=\u00bbon\u00bb parallax_method=\u00bbon\u00bb custom_button_one=\u00bbon\u00bb button_one_text_size=\u00bb16px\u00bb button_one_text_color=\u00bb#ffffff\u00bb button_one_bg_color=\u00bb#d29f68&#8243; button_one_border_width=\u00bb15px\u00bb button_one_border_color=\u00bbrgba(210,159,104,0)\u00bb button_one_border_radius=\u00bb100px\u00bb button_one_letter_spacing=\u00bb3px\u00bb button_one_font=\u00bbOswald|||on|||||\u00bb button_one_use_icon=\u00bboff\u00bb custom_button_two=\u00bbon\u00bb button_two_text_size=\u00bb16px\u00bb button_two_text_color=\u00bb#ffffff\u00bb button_two_bg_color=\u00bbrgba(255,255,255,0.35)\u00bb button_two_border_width=\u00bb15px\u00bb button_two_border_color=\u00bbrgba(0,0,0,0)\u00bb button_two_border_radius=\u00bb100px\u00bb button_two_letter_spacing=\u00bb3px\u00bb button_two_font=\u00bbOswald|||on|||||\u00bb button_two_use_icon=\u00bboff\u00bb custom_margin=\u00bb|||\u00bb custom_padding=\u00bb90px||90px||true\u00bb animation_style=\u00bbzoom\u00bb animation_duration=\u00bb2000ms\u00bb animation_intensity_zoom=\u00bb4%\u00bb subhead_font_size_tablet=\u00bb\u00bb subhead_font_size_phone=\u00bb50px\u00bb subhead_font_size_last_edited=\u00bbon|desktop\u00bb subhead_text_shadow_style=\u00bbpreset2&#8243; button_one_border_radius_hover=\u00bb100px\u00bb button_one_bg_color_hover=\u00bb#cc8d66&#8243; button_two_bg_color_hover=\u00bb#d29f68&#8243; global_colors_info=\u00bb{}\u00bb button_one_text_size__hover_enabled=\u00bboff\u00bb button_two_text_size__hover_enabled=\u00bboff\u00bb button_one_text_color__hover_enabled=\u00bboff\u00bb button_two_text_color__hover_enabled=\u00bboff\u00bb button_one_border_width__hover_enabled=\u00bboff\u00bb button_two_border_width__hover_enabled=\u00bboff\u00bb button_one_border_color__hover_enabled=\u00bboff\u00bb button_two_border_color__hover_enabled=\u00bboff\u00bb button_one_border_radius__hover_enabled=\u00bbon\u00bb button_one_border_radius__hover=\u00bb100px\u00bb button_two_border_radius__hover_enabled=\u00bboff\u00bb button_one_letter_spacing__hover_enabled=\u00bboff\u00bb button_two_letter_spacing__hover_enabled=\u00bboff\u00bb button_one_bg_color__hover_enabled=\u00bbon\u00bb button_one_bg_color__hover=\u00bb#cc8d66&#8243; button_two_bg_color__hover_enabled=\u00bbon\u00bb button_two_bg_color__hover=\u00bb#d29f68&#8243;][\/et_pb_fullwidth_header][\/et_pb_section][et_pb_section fb_built=\u00bb1&#8243; next_background_color=\u00bb#0B3951&#8243; _builder_version=\u00bb4.16&#8243; custom_padding=\u00bb0|0px|70px|0px|false|false\u00bb bottom_divider_style=\u00bbramp\u00bb global_colors_info=\u00bb{}\u00bb][et_pb_row _builder_version=\u00bb4.16&#8243; _module_preset=\u00bbdefault\u00bb custom_padding=\u00bb100px|||||\u00bb global_colors_info=\u00bb{}\u00bb][et_pb_column type=\u00bb4_4&#8243; _builder_version=\u00bb4.16&#8243; _module_preset=\u00bbdefault\u00bb global_colors_info=\u00bb{}\u00bb][et_pb_text _builder_version=\u00bb4.16&#8243; text_font=\u00bbBe Vietnam|300|||||||\u00bb text_font_size=\u00bb18px\u00bb text_line_height=\u00bb2em\u00bb link_font=\u00bb||||||||\u00bb ul_font=\u00bb||||||||\u00bb ol_font=\u00bb||||||||\u00bb quote_font=\u00bb||||||||\u00bb header_font=\u00bb||||||||\u00bb header_2_font=\u00bbBe Vietnam||||||||\u00bb header_2_font_size=\u00bb50px\u00bb header_2_line_height=\u00bb1.5em\u00bb header_5_font=\u00bbOswald|||on|||||\u00bb header_5_text_color=\u00bb#000000&#8243; header_5_font_size=\u00bb20px\u00bb header_5_letter_spacing=\u00bb3px\u00bb header_5_line_height=\u00bb1.7em\u00bb text_orientation=\u00bbcenter\u00bb background_layout=\u00bbdark\u00bb max_width=\u00bb750px\u00bb module_alignment=\u00bbcenter\u00bb custom_padding=\u00bb|||\u00bb text_line_height_last_edited=\u00bboff|desktop\u00bb header_2_font_size_tablet=\u00bb\u00bb header_2_font_size_phone=\u00bb36px\u00bb header_2_font_size_last_edited=\u00bbon|desktop\u00bb header_2_text_shadow_style=\u00bbpreset1&#8243; global_colors_info=\u00bb{}\u00bb]<\/p>\n<h5>Instructivo para radicaci\u00f3n de solicitudes<\/h5>\n<p style=\"text-align: justify;\">[\/et_pb_text][\/et_pb_column][\/et_pb_row][et_pb_row _builder_version=\u00bb4.16&#8243; background_color=\u00bb#0b3951&#8243; width=\u00bb50%\u00bb custom_padding=\u00bb10px|10px|10px|10px|true|true\u00bb animation_style=\u00bbzoom\u00bb animation_intensity_zoom=\u00bb5%\u00bb border_radii=\u00bbon|8px|8px|8px|8px\u00bb box_shadow_style=\u00bbpreset3&#8243; box_shadow_vertical=\u00bb110px\u00bb box_shadow_blur=\u00bb80px\u00bb box_shadow_spread=\u00bb-80px\u00bb box_shadow_color=\u00bbrgba(0,0,0,0.12)\u00bb global_colors_info=\u00bb{}\u00bb][et_pb_column type=\u00bb4_4&#8243; _builder_version=\u00bb4.16&#8243; custom_padding=\u00bb|||\u00bb global_colors_info=\u00bb{}\u00bb custom_padding__hover=\u00bb|||\u00bb][et_pb_video src=\u00bbhttps:\/\/youtu.be\/cievm2TwrBQ\u00bb _builder_version=\u00bb4.16&#8243; _module_preset=\u00bbdefault\u00bb width=\u00bb100%\u00bb global_colors_info=\u00bb{}\u00bb][\/et_pb_video][et_pb_text _builder_version=\u00bb4.16&#8243; _module_preset=\u00bbdefault\u00bb text_font=\u00bbBe Vietnam|100|||||||\u00bb text_text_color=\u00bb#ffffff\u00bb text_orientation=\u00bbjustified\u00bb global_colors_info=\u00bb{}\u00bb]<\/p>\n<p><em><span style=\"font-weight: 400;\">NOTA ACLARATORIA: Para el segmento colectivo la cobertura de servicios p\u00fablicos tiene un costo adicional.<\/span><\/em><\/p>\n<p>[\/et_pb_text][\/et_pb_column][\/et_pb_row][et_pb_row _builder_version=\u00bb4.7.7&#8243; _module_preset=\u00bbdefault\u00bb global_module=\u00bb956&#8243; saved_tabs=\u00bball\u00bb global_colors_info=\u00bb{}\u00bb][et_pb_column type=\u00bb4_4&#8243; _builder_version=\u00bb4.16&#8243; _module_preset=\u00bbdefault\u00bb global_colors_info=\u00bb{}\u00bb][et_pb_accordion open_toggle_text_color=\u00bb#ffffff\u00bb open_toggle_background_color=\u00bb#1E8F8B\u00bb _builder_version=\u00bb4.16&#8243; toggle_font=\u00bbOswald|||on|||||\u00bb toggle_font_size=\u00bb16px\u00bb toggle_letter_spacing=\u00bb3px\u00bb toggle_line_height=\u00bb1.5em\u00bb body_font=\u00bbBe Vietnam|300|||||||\u00bb body_text_align=\u00bbjustify\u00bb body_text_color=\u00bb#ffffff\u00bb body_font_size=\u00bb18px\u00bb body_line_height=\u00bb2em\u00bb text_orientation=\u00bbjustified\u00bb max_width=\u00bb100%\u00bb max_width_tablet=\u00bb\u00bb max_width_phone=\u00bb\u00bb max_width_last_edited=\u00bbon|desktop\u00bb custom_margin=\u00bb|||\u00bb animation_style=\u00bbslide\u00bb animation_direction=\u00bbtop\u00bb animation_intensity_slide=\u00bb5%\u00bb border_radii=\u00bbon|8px|8px|8px|8px\u00bb border_width_all=\u00bb0px\u00bb global_colors_info=\u00bb{}\u00bb][et_pb_accordion_item title=\u00bbCOTIZACI\u00d3N Y Pago en l\u00ednea\u00bb _builder_version=\u00bb4.16&#8243; global_colors_info=\u00bb{}\u00bb open=\u00bboff\u00bb]<\/p>\n<blockquote><\/blockquote>\n<h4><span style=\"text-decoration: underline;\"><span style=\"color: #ffffff;\"><a href=\"https:\/\/radicaciones.surent.com.co\/pagw-CotizadorBasicoInmob.aspx\" target=\"_blank\" rel=\"noopener noreferrer\" style=\"color: #ffffff; text-decoration: underline;\">Haz click aqu\u00ed para realizar tu pago en\u00a0l\u00ednea<\/a><\/span><\/span><\/h4>\n<blockquote><\/blockquote>\n<p>[\/et_pb_accordion_item][et_pb_accordion_item title=\u00bbFormulario especifico para la soluci\u00f3n\u00bb _builder_version=\u00bb4.16&#8243; global_colors_info=\u00bb{}\u00bb open=\u00bboff\u00bb]<\/p>\n<h4><span style=\"text-decoration: underline;\"><span style=\"color: #ffffff;\"><a href=\"https:\/\/radicaciones.surent.com.co\/firma-validarFirmanteAutorizacion.aspx\" target=\"_blank\" rel=\"noopener noreferrer\" style=\"color: #ffffff; text-decoration: underline;\">Haz click aqu\u00ed para llenar los formularios digitales<\/a><\/span><\/span><\/h4>\n<p>[\/et_pb_accordion_item][et_pb_accordion_item title=\u00bbResultado estudio de cr\u00e9dito\u00bb _builder_version=\u00bb4.16&#8243; global_colors_info=\u00bb{}\u00bb open=\u00bbon\u00bb]<\/p>\n<blockquote>\n<h4><span style=\"text-decoration: underline; color: #ffffff;\"><a href=\"https:\/\/radicaciones.surent.com.co\/pagw-ResultadoWeb.aspx\" target=\"_blank\" rel=\"noopener noreferrer\" style=\"color: #ffffff; text-decoration: underline;\">Haz click aqu\u00ed para\u00a0consultar el resultado de su estudio de credito<\/a><\/span><\/h4>\n<\/blockquote>\n<p>[\/et_pb_accordion_item][et_pb_accordion_item title=\u00bbNovedades\u00bb _builder_version=\u00bb4.16&#8243; global_colors_info=\u00bb{}\u00bb open=\u00bboff\u00bb]<\/p>\n<p>Ahora podr\u00e1 registrar sus novedades de manera f\u00e1cil, manteniendo actualizada su informaci\u00f3n de ingresos, retiros y cambios de valor en los riesgos asegurados.<\/p>\n<ol style=\"font-size: 18px;\"><\/ol>\n<ul>\n<li style=\"font-size: 18px;\"><a href=\"https:\/\/surent.com.co\/Anexos\/anexo6.xlsx\" target=\"_blank\" rel=\"noopener noreferrer\"><span style=\"text-decoration: underline;\"><span style=\"color: #ffffff; text-decoration: underline;\"><em>Anexo 6: Solicitud de ingreso<\/em><\/span><\/span><\/a><\/li>\n<li style=\"font-size: 18px;\"><span style=\"text-decoration: underline;\"><span style=\"color: #ffffff; text-decoration: underline;\"><a href=\"https:\/\/surent.com.co\/Anexos\/anexo7.xlsx\" style=\"color: #ffffff; text-decoration: underline;\" target=\"_blank\" rel=\"noopener noreferrer\"><em>Anexo 7: Aviso de Cambio de valor asegurado<\/em><\/a><\/span><\/span><\/li>\n<li style=\"font-size: 18px;\"><span style=\"text-decoration: line-through;\"><span style=\"color: #ffffff; text-decoration: line-through;\"><a href=\"https:\/\/surrent.com.co\/Anexos\/anexo8.xlsx\" style=\"color: #ffffff; text-decoration: line-through;\"><em><span style=\"text-decoration: underline;\"><\/span><\/em><\/a><\/span><\/span><a href=\"https:\/\/surent.com.co\/Anexos\/anexo8.xlsx\" target=\"_blank\" rel=\"noopener noreferrer\"><span style=\"color: #ffffff;\"><em><span style=\"text-decoration: underline;\">Anexo 8 Aviso de retiro<\/span><\/em><\/span><\/a><\/li>\n<\/ul>\n<p style=\"font-size: 18px;\"><span style=\"text-decoration: line-through;\">\u00a0<em>Nota: Se debe habilitar para que las inmobiliarias puedan cargar directamente la novedad y se genere una tarea para el auxiliar de expedici\u00f3n.<\/em><\/span><\/p>\n<p style=\"font-size: 18px;\">Fechas para reporte: Deber\u00e1s realizar el reporte de novedades los primeros 7 dias calendario de cada mes<\/p>\n<ul><\/ul>\n<p>&nbsp;<\/p>\n<p>[\/et_pb_accordion_item][et_pb_accordion_item title=\u00bbPago de P\u00f3liza\u00bb _builder_version=\u00bb4.16&#8243; global_colors_info=\u00bb{}\u00bb open=\u00bboff\u00bb]<\/p>\n<p>Debe ingresar al link:<\/p>\n<p><em style=\"font-size: 18px;\"><a href=\"https:\/\/www.segurossura.com.co\/paginas\/pago-express.aspx#\/Pagos\" style=\"color: #ffffff; text-decoration-line: underline;\">https:\/\/www.segurossura.com.co\/paginas\/pago-express.aspx#\/Pagos<\/a><\/em><\/p>\n<p><em style=\"font-size: 18px;\"><\/em><\/p>\n<ul>\n<li>Ingresar el n\u00famero de documento del tomador<\/li>\n<li>Buscar el recibo disponible para pago<\/li>\n<li>Seleccionar y pagar<\/li>\n<\/ul>\n<p>[\/et_pb_accordion_item][et_pb_accordion_item title=\u00bbFormato para reportar siniestros\u00bb _builder_version=\u00bb4.16&#8243; global_colors_info=\u00bb{}\u00bb open=\u00bboff\u00bb]<\/p>\n<p>Si deseas presentar una reclamaci\u00f3n porque tu inquilino ha incumplido con los pagos, radica la documentaci\u00f3n requerida en el bot\u00f3n de siniestros<\/p>\n<ul>\n<li><span style=\"text-decoration: underline;\"><span style=\"color: #ffffff; text-decoration: underline;\"><a href=\"https:\/\/surent.com.co\/Anexos\/anexo33.docx\" target=\"_blank\" rel=\"noopener noreferrer\" title=\"Aviso de reclamaci\u00f3n \" style=\"color: #ffffff; text-decoration: underline;\">Aviso de reclamaci\u00f3n<\/a><\/span><\/span><\/li>\n<\/ul>\n<ul>\n<li><span style=\"text-decoration: underline;\"><span style=\"color: #ffffff; text-decoration: underline;\"><a href=\"https:\/\/www.surent.com.co\/Anexos\/anexo44.xlsx\" target=\"_blank\" rel=\"noopener noreferrer\" style=\"color: #ffffff; text-decoration: underline;\">Check List<\/a><\/span><\/span><\/li>\n<\/ul>\n<p><em>Nota: la reclamaci\u00f3n debe ser presentada cuando tu inquilino cumpla 35 dias de mora y despu\u00e9s de presentada, no debes recibir dinero bajo ning\u00fan concepto.<\/em><\/p>\n<p>[\/et_pb_accordion_item][et_pb_accordion_item title=\u00bbProceso para vinculaci\u00f3n de inmobiliarias\u00bb open=\u00bboff\u00bb _builder_version=\u00bb4.16&#8243; global_colors_info=\u00bb{}\u00bb]<\/p>\n<p>Si deseas adquirir tu p\u00f3liza de cumplimiento para contratos de arrendamiento, debes enviarnos:<\/p>\n<ul>\n<li><span style=\"color: #ffffff;\"><a href=\"https:\/\/surent.com.co\/Anexos\/anexo9.pdf\" target=\"_blank\" rel=\"noopener noreferrer\" style=\"color: #ffffff;\"><span style=\"text-decoration: underline;\"><span style=\"text-decoration: underline;\"><em>Formato ingreso arrendador<\/em><\/span><\/span><\/a><\/span><\/li>\n<li><a href=\"https:\/\/surent.com.co\/Anexos\/anexo2.pdf\" target=\"_blank\" rel=\"noopener noreferrer\"><span style=\"color: #ffffff;\"><em><span style=\"text-decoration: underline;\">Anexo 2 Sarlaft<\/span><\/em><\/span><\/a><\/li>\n<li><a href=\"https:\/\/surent.com.co\/Anexos\/anexo33.docx\" target=\"_blank\" rel=\"noopener noreferrer\"><span style=\"color: #ffffff;\"><em><span style=\"text-decoration: underline;\">Formato de inscripci\u00f3n de cuenta<\/span><\/em><\/span><\/a><\/li>\n<\/ul>\n<p>Se deben adicionar los siguientes documentos:<\/p>\n<ul>\n<li>C\u00e1mara de comercio<\/li>\n<li>Rut<\/li>\n<li>Copia de cedula del representante legal<\/li>\n<li>Matricula de arrendador<\/li>\n<li>Modelo de contrato de arrendamiento de vivienda y comercial.<\/li>\n<li>La informaci\u00f3n debe ser enviada a los siguientes correos.<\/li>\n<li>Medell\u00edn y el \u00e1rea metropolitana: <span style=\"text-decoration: underline; color: #ffffff;\"><em><a href=\"mailto:mcbedoya@sura.com.co\" style=\"color: #ffffff; text-decoration: underline;\">mcbedoya@sura.com.co<\/a><\/em><\/span><\/li>\n<li>Oriente Antioque\u00f1o \u2013 Urab\u00e1:<span style=\"text-decoration: underline; color: #ffffff;\"><em> <a href=\"mailto:jnpena@sura.com.co\" style=\"color: #ffffff;\"><span style=\"font-weight: 400;\">jnpena@sura.com.co<\/span><\/a><\/em><\/span><\/li>\n<\/ul>\n<p>[\/et_pb_accordion_item][\/et_pb_accordion][\/et_pb_column][\/et_pb_row][\/et_pb_section][et_pb_section fb_built=\u00bb1&#8243; admin_label=\u00bbFooter Section\u00bb _builder_version=\u00bb4.16&#8243; background_color=\u00bb#0B3951&#8243; use_background_color_gradient=\u00bbon\u00bb background_color_gradient_stops=\u00bb#0B3951 25%|rgba(35,34,32,0.13) 100%\u00bb background_color_gradient_overlays_image=\u00bbon\u00bb background_color_gradient_start=\u00bb#0B3951&#8243; background_color_gradient_start_position=\u00bb25%\u00bb background_color_gradient_end=\u00bbrgba(35,34,32,0.13)\u00bb background_image=\u00bbhttps:\/\/www.surent.com.co\/wp-content\/uploads\/2021\/01\/daniel-vargas-wUGPwTYXW5k-unsplash-scaled.jpg\u00bb custom_padding=\u00bb80px|0px|80px|0px|true|false\u00bb background_color_gradient_stops_tablet=\u00bb#0B3951 25%|rgba(35,34,32,0.13) 100%\u00bb background_color_gradient_stops_phone=\u00bb#0B3951 25%|rgba(35,34,32,0.13) 100%\u00bb global_module=\u00bb216&#8243; saved_tabs=\u00bball\u00bb global_colors_info=\u00bb{}\u00bb][et_pb_row column_structure=\u00bb1_2,1_2&#8243; _builder_version=\u00bb4.16&#8243; custom_padding=\u00bb0|0px|0|0px|false|false\u00bb custom_width_px=\u00bb1230px\u00bb global_colors_info=\u00bb{}\u00bb][et_pb_column type=\u00bb1_2&#8243; _builder_version=\u00bb4.16&#8243; custom_padding=\u00bb|||\u00bb global_colors_info=\u00bb{}\u00bb custom_padding__hover=\u00bb|||\u00bb][et_pb_cta title=\u00bbCont\u00e1ctenos\u00bb button_url=\u00bbhttps:\/\/www.surent.com.co\/?page_id=140&#038;et_fb=1&#038;PageSpeed=off\u00bb button_text=\u00bbPreguntas frecuentes\u00bb _builder_version=\u00bb4.16&#8243; header_level=\u00bbh3&#8243; header_font=\u00bbBe Vietnam||||||||\u00bb header_font_size=\u00bb40px\u00bb header_line_height=\u00bb1.5em\u00bb body_font=\u00bbBe Vietnam|300|||||||\u00bb body_font_size=\u00bb18px\u00bb body_line_height=\u00bb2em\u00bb background_color=\u00bb#1E8F8B\u00bb custom_button=\u00bbon\u00bb button_text_size=\u00bb16px\u00bb button_bg_color=\u00bbrgba(0,0,0,0.3)\u00bb button_border_width=\u00bb15px\u00bb button_border_color=\u00bbrgba(210,159,104,0)\u00bb button_border_radius=\u00bb59px\u00bb button_letter_spacing=\u00bb3px\u00bb button_font=\u00bbOswald|||on|||||\u00bb button_use_icon=\u00bboff\u00bb custom_margin=\u00bb||||false\u00bb custom_padding=\u00bb40px|90px|100px|90px|false|true\u00bb animation_style=\u00bbzoom\u00bb animation_intensity_zoom=\u00bb5%\u00bb header_font_size_tablet=\u00bb\u00bb header_font_size_phone=\u00bb36px\u00bb header_font_size_last_edited=\u00bbon|desktop\u00bb header_text_shadow_style=\u00bbpreset1&#8243; border_radii=\u00bbon|8px|8px|8px|8px\u00bb box_shadow_style=\u00bbpreset3&#8243; box_shadow_vertical=\u00bb110px\u00bb box_shadow_blur=\u00bb80px\u00bb box_shadow_spread=\u00bb-80px\u00bb box_shadow_color=\u00bbrgba(0,0,0,0.12)\u00bb button_bg_color_hover=\u00bbrgba(0,0,0,0.5)\u00bb global_colors_info=\u00bb{}\u00bb button_text_size__hover_enabled=\u00bboff\u00bb button_one_text_size__hover_enabled=\u00bboff\u00bb button_two_text_size__hover_enabled=\u00bboff\u00bb button_text_color__hover_enabled=\u00bboff\u00bb button_one_text_color__hover_enabled=\u00bboff\u00bb button_two_text_color__hover_enabled=\u00bboff\u00bb button_border_width__hover_enabled=\u00bboff\u00bb button_one_border_width__hover_enabled=\u00bboff\u00bb button_two_border_width__hover_enabled=\u00bboff\u00bb button_border_color__hover_enabled=\u00bboff\u00bb button_one_border_color__hover_enabled=\u00bboff\u00bb button_two_border_color__hover_enabled=\u00bboff\u00bb button_border_radius__hover_enabled=\u00bboff\u00bb button_one_border_radius__hover_enabled=\u00bboff\u00bb button_two_border_radius__hover_enabled=\u00bboff\u00bb button_letter_spacing__hover_enabled=\u00bboff\u00bb button_one_letter_spacing__hover_enabled=\u00bboff\u00bb button_two_letter_spacing__hover_enabled=\u00bboff\u00bb button_bg_color__hover_enabled=\u00bbon\u00bb button_bg_color__hover=\u00bbrgba(0,0,0,0.5)\u00bb button_one_bg_color__hover_enabled=\u00bboff\u00bb button_two_bg_color__hover_enabled=\u00bboff\u00bb]<\/p>\n<p style=\"text-align: justify;\"><span style=\"font-size: 18px; text-align: justify;\">Nuestros asesores estar\u00e1n disponibles para atenderte y ayudarte a aclarar todas tus dudas.<\/span><\/p>\n<p>[\/et_pb_cta][\/et_pb_column][et_pb_column type=\u00bb1_2&#8243; _builder_version=\u00bb4.16&#8243; custom_padding=\u00bb|||\u00bb global_colors_info=\u00bb{}\u00bb custom_padding__hover=\u00bb|||\u00bb][et_pb_text _builder_version=\u00bb4.16&#8243; text_font=\u00bb||||||||\u00bb header_font=\u00bb||||||||\u00bb header_2_font=\u00bb||||||||\u00bb header_3_font=\u00bbLora|700|||||||\u00bb header_3_font_size=\u00bb40px\u00bb header_3_line_height=\u00bb1.5em\u00bb header_4_font=\u00bb||||||||\u00bb header_5_font=\u00bb||||||||\u00bb header_6_font=\u00bb||||||||\u00bb max_width=\u00bb600px\u00bb module_alignment=\u00bbcenter\u00bb custom_padding=\u00bb40px||||false\u00bb animation_style=\u00bbfade\u00bb text_line_height_last_edited=\u00bboff|desktop\u00bb header_2_font_size_phone=\u00bb36px\u00bb header_2_font_size_last_edited=\u00bboff|desktop\u00bb header_3_font_size_tablet=\u00bb\u00bb header_3_font_size_phone=\u00bb36px\u00bb header_3_font_size_last_edited=\u00bbon|phone\u00bb locked=\u00bboff\u00bb global_colors_info=\u00bb{}\u00bb][\/et_pb_text][et_pb_blurb title=\u00bbEmail\u00bb use_icon=\u00bbon\u00bb font_icon=\u00bb&#xe076;||divi||400&#8243; icon_color=\u00bb#1E8F8B\u00bb icon_placement=\u00bbleft\u00bb image_icon_width=\u00bb26px\u00bb _builder_version=\u00bb4.16&#8243; header_font=\u00bbOswald|||on|||||\u00bb header_text_color=\u00bb#ffffff\u00bb header_font_size=\u00bb16px\u00bb header_letter_spacing=\u00bb2px\u00bb header_line_height=\u00bb1.7em\u00bb body_font=\u00bbBe Vietnam|300|||||||\u00bb body_text_color=\u00bb#ffffff\u00bb body_font_size=\u00bb16px\u00bb body_line_height=\u00bb2em\u00bb background_layout=\u00bbdark\u00bb animation_style=\u00bbfade\u00bb icon_font_size=\u00bb26px\u00bb global_colors_info=\u00bb{}\u00bb]<\/p>\n<p><span style=\"color: #ffffff;\">Soluci\u00f3n individual: <a href=\"mailto:dzlopez@sura.com.co\" style=\"color: #ffffff;\">dzlopez@sura.com.co<\/a><\/span><\/p>\n<p><span style=\"color: #ffffff;\">Soluci\u00f3n colectiva: carolinagiraldov@sura.com.co <\/span><\/p>\n<p>[\/et_pb_blurb][et_pb_blurb title=\u00bbTel\u00e9fono \u00bb use_icon=\u00bbon\u00bb font_icon=\u00bb&#xe090;||divi||400&#8243; icon_color=\u00bb#1E8F8B\u00bb icon_placement=\u00bbleft\u00bb image_icon_width=\u00bb26px\u00bb _builder_version=\u00bb4.20.4&#8243; header_font=\u00bbOswald|||on|||||\u00bb header_text_color=\u00bb#ffffff\u00bb header_font_size=\u00bb16px\u00bb header_letter_spacing=\u00bb2px\u00bb header_line_height=\u00bb1.7em\u00bb body_font=\u00bbBe Vietnam|300|||||||\u00bb body_text_color=\u00bb#ffffff\u00bb body_font_size=\u00bb16px\u00bb body_line_height=\u00bb2em\u00bb animation_style=\u00bbfade\u00bb icon_font_size=\u00bb26px\u00bb global_colors_info=\u00bb{}\u00bb]<\/p>\n<p><span>Soluci\u00f3n i<\/span>ndividual: 3113075548<\/p>\n<p><span>Soluci\u00f3n c<\/span>olectiva: 3168395561<\/p>\n<p>[\/et_pb_blurb][\/et_pb_column][\/et_pb_row][\/et_pb_section]<\/p>\n","protected":false},"excerpt":{"rendered":"<p>Instructivo para radicaci\u00f3n de solicitudes NOTA ACLARATORIA: Para el segmento colectivo la cobertura de servicios p\u00fablicos tiene un costo adicional. Haz click aqu\u00ed para realizar tu pago en\u00a0l\u00ednea Haz click aqu\u00ed para llenar los formularios digitales Haz click aqu\u00ed para\u00a0consultar el resultado de su estudio de credito Ahora podr\u00e1 registrar sus novedades de manera f\u00e1cil, [&hellip;]<\/p>\n","protected":false},"author":1,"featured_media":0,"parent":0,"menu_order":0,"comment_status":"closed","ping_status":"closed","template":"","meta":{"_et_pb_use_builder":"on","_et_pb_old_content":"<!-- wp:divi\/placeholder \/-->","_et_gb_content_width":"","footnotes":""},"class_list":["post-258","page","type-page","status-publish","hentry"],"_links":{"self":[{"href":"https:\/\/www.surent.com.co\/index.php?rest_route=\/wp\/v2\/pages\/258","targetHints":{"allow":["GET"]}}],"collection":[{"href":"https:\/\/www.surent.com.co\/index.php?rest_route=\/wp\/v2\/pages"}],"about":[{"href":"https:\/\/www.surent.com.co\/index.php?rest_route=\/wp\/v2\/types\/page"}],"author":[{"embeddable":true,"href":"https:\/\/www.surent.com.co\/index.php?rest_route=\/wp\/v2\/users\/1"}],"replies":[{"embeddable":true,"href":"https:\/\/www.surent.com.co\/index.php?rest_route=%2Fwp%2Fv2%2Fcomments&post=258"}],"version-history":[{"count":34,"href":"https:\/\/www.surent.com.co\/index.php?rest_route=\/wp\/v2\/pages\/258\/revisions"}],"predecessor-version":[{"id":1306,"href":"https:\/\/www.surent.com.co\/index.php?rest_route=\/wp\/v2\/pages\/258\/revisions\/1306"}],"wp:attachment":[{"href":"https:\/\/www.surent.com.co\/index.php?rest_route=%2Fwp%2Fv2%2Fmedia&parent=258"}],"curies":[{"name":"wp","href":"https:\/\/api.w.org\/{rel}","templated":true}]}}