{"id":140,"date":"2021-01-19T04:21:17","date_gmt":"2021-01-19T04:21:17","guid":{"rendered":"https:\/\/www.surent.com.co\/?page_id=140"},"modified":"2025-03-31T20:03:37","modified_gmt":"2025-03-31T20:03:37","slug":"contacto","status":"publish","type":"page","link":"https:\/\/www.surent.com.co\/?page_id=140","title":{"rendered":"Contacto"},"content":{"rendered":"<p>[et_pb_section fb_built=\u00bb1&#8243; fullwidth=\u00bbon\u00bb next_background_color=\u00bb#ffffff\u00bb admin_label=\u00bbHeader Section\u00bb _builder_version=\u00bb4.16&#8243; background_color=\u00bb#000000&#8243; bottom_divider_style=\u00bbramp\u00bb bottom_divider_flip=\u00bbhorizontal\u00bb global_colors_info=\u00bb{}\u00bb][et_pb_fullwidth_header title=\u00bbCont\u00e1ctanos\u00bb subhead=\u00bbEstamos felices de atenderte \u00bb text_orientation=\u00bbcenter\u00bb content_max_width=\u00bb640px\u00bb _builder_version=\u00bb4.16&#8243; title_font=\u00bbOswald|||on|||||\u00bb title_font_size=\u00bb20px\u00bb title_letter_spacing=\u00bb3px\u00bb title_line_height=\u00bb1.5em\u00bb content_font=\u00bbLora||||||||\u00bb content_font_size=\u00bb22px\u00bb content_line_height=\u00bb2em\u00bb subhead_font=\u00bbBe Vietnam||||||||\u00bb subhead_font_size=\u00bb60px\u00bb subhead_line_height=\u00bb1.5em\u00bb background_color=\u00bbrgba(255,255,255,0)\u00bb background_image=\u00bbhttps:\/\/images.unsplash.com\/photo-1554412664-6a4d8f640b3b?ixlib=rb-1.2.1&#038;ixid=MXwxMjA3fDB8MHxwaG90by1wYWdlfHx8fGVufDB8fHw%3D&#038;auto=format&#038;fit=crop&#038;w=1050&#038;q=80&#8243; parallax=\u00bbon\u00bb parallax_method=\u00bbon\u00bb custom_button_one=\u00bbon\u00bb button_one_text_size=\u00bb16px\u00bb button_one_text_color=\u00bb#ffffff\u00bb button_one_bg_color=\u00bb#1E8F8B\u00bb button_one_border_width=\u00bb15px\u00bb button_one_border_color=\u00bbrgba(210,159,104,0)\u00bb button_one_border_radius=\u00bb100px\u00bb button_one_letter_spacing=\u00bb3px\u00bb button_one_font=\u00bbOswald|||on|||||\u00bb button_one_use_icon=\u00bboff\u00bb custom_button_two=\u00bbon\u00bb button_two_text_size=\u00bb16px\u00bb button_two_text_color=\u00bb#ffffff\u00bb button_two_bg_color=\u00bbrgba(102,102,102,0.57)\u00bb button_two_border_width=\u00bb15px\u00bb button_two_border_color=\u00bbrgba(0,0,0,0)\u00bb button_two_border_radius=\u00bb100px\u00bb button_two_letter_spacing=\u00bb3px\u00bb button_two_font=\u00bbOswald|||on|||||\u00bb button_two_use_icon=\u00bboff\u00bb custom_margin=\u00bb|||\u00bb custom_padding=\u00bb90px||90px||true\u00bb animation_style=\u00bbzoom\u00bb animation_duration=\u00bb2000ms\u00bb animation_intensity_zoom=\u00bb4%\u00bb subhead_font_size_tablet=\u00bb\u00bb subhead_font_size_phone=\u00bb50px\u00bb subhead_font_size_last_edited=\u00bbon|desktop\u00bb subhead_text_shadow_style=\u00bbpreset2&#8243; button_one_border_radius_hover=\u00bb100px\u00bb button_one_bg_color_hover=\u00bb#cc8d66&#8243; button_two_bg_color_hover=\u00bb#d29f68&#8243; global_colors_info=\u00bb{}\u00bb button_one_text_size__hover_enabled=\u00bboff\u00bb button_two_text_size__hover_enabled=\u00bboff\u00bb button_one_text_color__hover_enabled=\u00bboff\u00bb button_two_text_color__hover_enabled=\u00bboff\u00bb button_one_border_width__hover_enabled=\u00bboff\u00bb button_two_border_width__hover_enabled=\u00bboff\u00bb button_one_border_color__hover_enabled=\u00bboff\u00bb button_two_border_color__hover_enabled=\u00bboff\u00bb button_one_border_radius__hover_enabled=\u00bbon\u00bb button_one_border_radius__hover=\u00bb100px\u00bb button_two_border_radius__hover_enabled=\u00bboff\u00bb button_one_letter_spacing__hover_enabled=\u00bboff\u00bb button_two_letter_spacing__hover_enabled=\u00bboff\u00bb button_one_bg_color__hover_enabled=\u00bbon|hover\u00bb button_one_bg_color__hover=\u00bbrgba(214,214,214,0.57)\u00bb button_two_bg_color__hover_enabled=\u00bbon|desktop\u00bb button_two_bg_color__hover=\u00bb#0B3951&#8243; button_one_bg_enable_color__hover=\u00bbon\u00bb button_two_bg_enable_color__hover=\u00bbon\u00bb][\/et_pb_fullwidth_header][\/et_pb_section][et_pb_section fb_built=\u00bb1&#8243; admin_label=\u00bbSupport Section\u00bb _builder_version=\u00bb4.16&#8243; custom_padding=\u00bb80px|0px||0px|false|false\u00bb global_colors_info=\u00bb{}\u00bb][et_pb_row _builder_version=\u00bb4.16&#8243; _module_preset=\u00bbdefault\u00bb global_colors_info=\u00bb{}\u00bb][et_pb_column type=\u00bb4_4&#8243; _builder_version=\u00bb4.16&#8243; _module_preset=\u00bbdefault\u00bb global_colors_info=\u00bb{}\u00bb][et_pb_text admin_label=\u00bbTitle\u00bb _builder_version=\u00bb4.16&#8243; text_font=\u00bbLora||||||||\u00bb text_font_size=\u00bb18px\u00bb text_line_height=\u00bb2em\u00bb link_font=\u00bb||||||||\u00bb ul_font=\u00bb||||||||\u00bb ol_font=\u00bb||||||||\u00bb quote_font=\u00bb||||||||\u00bb header_font=\u00bb||||||||\u00bb header_2_font=\u00bbLora|700|||||||\u00bb header_2_font_size=\u00bb50px\u00bb header_2_line_height=\u00bb1.5em\u00bb header_3_font=\u00bbLora|700|||||||\u00bb header_3_font_size=\u00bb42px\u00bb header_3_line_height=\u00bb1.5em\u00bb header_5_font=\u00bbOswald|||on|||||\u00bb header_5_text_align=\u00bbcenter\u00bb header_5_text_color=\u00bbrgba(0,0,0,0.4)\u00bb header_5_font_size=\u00bb25px\u00bb header_5_letter_spacing=\u00bb3px\u00bb header_5_line_height=\u00bb1.5em\u00bb max_width=\u00bb100%\u00bb max_width_tablet=\u00bb\u00bb max_width_phone=\u00bb\u00bb max_width_last_edited=\u00bbon|phone\u00bb custom_margin_tablet=\u00bb|70px||70px\u00bb custom_margin_phone=\u00bb|50px||50px\u00bb custom_margin_last_edited=\u00bboff|desktop\u00bb text_line_height_last_edited=\u00bboff|desktop\u00bb locked=\u00bboff\u00bb global_colors_info=\u00bb{}\u00bb]<\/p>\n<h5>Preguntas frecuentes<\/h5>\n<p>[\/et_pb_text][\/et_pb_column][\/et_pb_row][et_pb_row column_structure=\u00bb1_2,1_2&#8243; admin_label=\u00bbSupport Row\u00bb _builder_version=\u00bb4.16&#8243; global_colors_info=\u00bb{}\u00bb][et_pb_column type=\u00bb1_2&#8243; _builder_version=\u00bb4.16&#8243; custom_padding=\u00bb|||\u00bb global_colors_info=\u00bb{}\u00bb custom_padding__hover=\u00bb|||\u00bb][et_pb_accordion open_toggle_text_color=\u00bb#ffffff\u00bb open_toggle_background_color=\u00bb#1E8F8B\u00bb _builder_version=\u00bb4.16&#8243; toggle_level=\u00bbh2&#8243; toggle_font=\u00bbBe Vietnam|500|||||||\u00bb toggle_text_align=\u00bbleft\u00bb toggle_font_size=\u00bb16px\u00bb toggle_letter_spacing=\u00bb1px\u00bb toggle_line_height=\u00bb1.7em\u00bb body_font=\u00bbBe Vietnam|300|||||||\u00bb body_text_align=\u00bbjustify\u00bb body_text_color=\u00bb#ffffff\u00bb body_font_size=\u00bb16px\u00bb text_orientation=\u00bbjustified\u00bb max_width=\u00bb480px\u00bb max_width_tablet=\u00bb\u00bb max_width_phone=\u00bb\u00bb max_width_last_edited=\u00bbon|desktop\u00bb custom_margin=\u00bb|||\u00bb animation_style=\u00bbslide\u00bb animation_direction=\u00bbtop\u00bb animation_intensity_slide=\u00bb5%\u00bb border_radii=\u00bbon|8px|8px|8px|8px\u00bb border_width_all=\u00bb0px\u00bb global_colors_info=\u00bb{}\u00bb][et_pb_accordion_item title=\u00bbEn el caso de un inquilino extranjero, que posee todos sus ingresos en su pa\u00eds de origen, \u00bfpuede pasar el estudio con una cartera colectiva (encargo fiduciario)?\u00bb open=\u00bbon\u00bb _builder_version=\u00bb4.16&#8243; body_font=\u00bbBe Vietnam|300|||||||\u00bb global_colors_info=\u00bb{}\u00bb]<\/p>\n<p>Independientemente de su condici\u00f3n de extranjero, el inquilino debe demostrar ingresos nacionales que le permitan a la ley colombiana intervenirlos, de lo contrario, no hay viabilidad para el extranjero, aun con cartera colectiva.<\/p>\n<p>[\/et_pb_accordion_item][et_pb_accordion_item title=\u00bb\u00bfEs posible asegurar contratos de arrendamiento por tres meses?\u00bb _builder_version=\u00bb4.16&#8243; global_colors_info=\u00bb{}\u00bb open=\u00bboff\u00bb]<\/p>\n<p style=\"text-align: justify;\">Es posible estudiarlos y asegurarlos con autorizaci\u00f3n especial del centro de suscripci\u00f3n de SURA.<\/p>\n<p>[\/et_pb_accordion_item][et_pb_accordion_item title=\u00bb\u00bfQui\u00e9n debe hacer el contrato de arrendamiento y qu\u00e9 costo tiene la elaboraci\u00f3n de este?\u00bb _builder_version=\u00bb4.16&#8243; global_colors_info=\u00bb{}\u00bb open=\u00bboff\u00bb]<\/p>\n<p>El contrato lo elabora SURA. En casos excepcionales, cuando las partes ya lo hicieron, SURA lo revisa y acepta.<\/p>\n<p>[\/et_pb_accordion_item][et_pb_accordion_item title=\u00bb\u00bfCu\u00e1ntos codeudores son necesarios para el estudio de arrendamiento?\u00bb _builder_version=\u00bb4.16&#8243; global_colors_info=\u00bb{}\u00bb open=\u00bboff\u00bb]<\/p>\n<p>El n\u00famero de codeudores depende del valor de canon. Cuando el canon es inferior a<\/p>\n<p>$1.500.000, el arrendatario necesita un codeudor solvente. Si el canon es superior, el arrendatario necesita dos codeudores solventes, uno de ellos con finca ra\u00edz.<\/p>\n<p>[\/et_pb_accordion_item][et_pb_accordion_item title=\u00bb\u00bfPor qu\u00e9 motivo se puede cancelar el Seguro de Arrendamiento de SURA? \u00bfEn qu\u00e9 momento hay devoluci\u00f3n o no del dinero que se pag\u00f3 por este (prima)?\u00bb _builder_version=\u00bb4.16&#8243; global_colors_info=\u00bb{}\u00bb open=\u00bboff\u00bb]<\/p>\n<p>La cancelaci\u00f3n del seguro se da por la terminaci\u00f3n anticipada del contrato de arrendamiento. La devoluci\u00f3n se realiza por vigencia no transcurrida, es decir, por el tiempo del seguro que se hab\u00eda pagado, pero que no alcanz\u00f3 a consumirse. No se procede a realizar la devoluci\u00f3n de la prima cuando el Seguro de Arrendamiento de SURA tuvo o tiene siniestro, es decir, cuando SURA tuvo que pagar al arrendador el canon de arrendamiento por no pago por parte del arrendatario.<\/p>\n<p>[\/et_pb_accordion_item][et_pb_accordion_item title=\u00bb\u00bfCu\u00e1l es la diferencia entre l\u00edmite de indemnizaci\u00f3n y periodo de restituci\u00f3n?\u00bb _builder_version=\u00bb4.16&#8243; _module_preset=\u00bbdefault\u00bb global_colors_info=\u00bb{}\u00bb open=\u00bboff\u00bb]<\/p>\n<p>El l\u00edmite de indemnizaci\u00f3n es el periodo m\u00e1ximo que SURA indemnizara al asegurado-beneficiario del seguro (propietario del inmueble), hasta que el inquilino vuelva a asumir su obligaci\u00f3n de pago o hasta que se logre retirarlo del inmueble, lo que primero ocurra. Restituci\u00f3n: enti\u00e9ndase por restituci\u00f3n de inmueble arrendado a la entrega que de \u00e9l efect\u00faen los inquilinos a Seguros SURA Colombia, al propietario del inmueble, su c\u00f3nyuge, o sus herederos, al juzgado competente, poniendo a su disposici\u00f3n las correspondientes llaves, o a un secuestre, por orden del juzgado competente.<\/p>\n<p>[\/et_pb_accordion_item][\/et_pb_accordion][\/et_pb_column][et_pb_column type=\u00bb1_2&#8243; _builder_version=\u00bb4.16&#8243; custom_padding=\u00bb|||\u00bb global_colors_info=\u00bb{}\u00bb custom_padding__hover=\u00bb|||\u00bb][et_pb_accordion open_toggle_text_color=\u00bb#ffffff\u00bb open_toggle_background_color=\u00bb#1E8F8B\u00bb _builder_version=\u00bb4.16&#8243; toggle_font=\u00bbBe Vietnam|500|||||||\u00bb toggle_text_align=\u00bbleft\u00bb toggle_font_size=\u00bb16px\u00bb toggle_letter_spacing=\u00bb1px\u00bb toggle_line_height=\u00bb1.7em\u00bb closed_toggle_font=\u00bb||||||||\u00bb body_font=\u00bbBe Vietnam|300|||||||\u00bb body_text_align=\u00bbjustify\u00bb body_text_color=\u00bb#ffffff\u00bb body_font_size=\u00bb16px\u00bb text_orientation=\u00bbjustified\u00bb max_width=\u00bb480px\u00bb max_width_tablet=\u00bb\u00bb max_width_phone=\u00bb\u00bb max_width_last_edited=\u00bbon|desktop\u00bb custom_margin=\u00bb|||\u00bb animation_style=\u00bbslide\u00bb animation_direction=\u00bbtop\u00bb animation_intensity_slide=\u00bb5%\u00bb border_radii=\u00bbon|8px|8px|8px|8px\u00bb border_width_all=\u00bb0px\u00bb global_colors_info=\u00bb{}\u00bb][et_pb_accordion_item title=\u00bb\u00bfCu\u00e1ntos riesgos deben conformar una p\u00f3liza colectiva?\u00bb open=\u00bbon\u00bb _builder_version=\u00bb4.16&#8243; body_font=\u00bbBe Vietnam|300|||||||\u00bb global_colors_info=\u00bb{}\u00bb]<\/p>\n<p>Cinco riesgos como m\u00ednimo, sin embargo, la tarifa podr\u00e1 ser menor en la medida que el potencial (n\u00famero total de riesgos en determinado tiempo) sea mayor.<\/p>\n<p>[\/et_pb_accordion_item][et_pb_accordion_item title=\u00bb\u00bfEn alguna de las opciones cubren la cl\u00e1usula penal?\u00bb _builder_version=\u00bb4.16&#8243; global_colors_info=\u00bb{}\u00bb open=\u00bboff\u00bb]<\/p>\n<p>Las cl\u00e1usulas penales y multas est\u00e1n excluidas del contrato de seguro para la soluci\u00f3n de Arrendamiento..<\/p>\n<p>[\/et_pb_accordion_item][et_pb_accordion_item title=\u00bb\u00bfTenemos cobertura para los inmuebles que se entregan amoblados?\u00bb _builder_version=\u00bb4.16&#8243; global_colors_info=\u00bb{}\u00bb open=\u00bboff\u00bb]<\/p>\n<p>La p\u00f3liza de Arrendamiento no cuenta con la cobertura de contenidos, que es por medio de la cual se aseguran los contenidos de los inmuebles.<\/p>\n<p>[\/et_pb_accordion_item][et_pb_accordion_item title=\u00bb\u00bfLa p\u00f3liza de Arrendamiento se puede financiar?\u00bb _builder_version=\u00bb4.16&#8243; global_colors_info=\u00bb{}\u00bb open=\u00bboff\u00bb]<\/p>\n<p>Las p\u00f3lizas de Arrendamiento individuales se pueden financiar. Se debe realizar un estudio previo, con el que se determinan las condiciones de financiaci\u00f3n.<\/p>\n<p>[\/et_pb_accordion_item][et_pb_accordion_item title=\u00bb\u00bfPara el costo del seguro, el canon mensual se incluye la administraci\u00f3n?\u00bb _builder_version=\u00bb4.16&#8243; global_colors_info=\u00bb{}\u00bb open=\u00bboff\u00bb]<\/p>\n<p>Dentro de todo el portafolio de Arrendamiento SURA, dentro de la cobertura B\u00e1sica se encuentra el valor de la administraci\u00f3n.<\/p>\n<p>[\/et_pb_accordion_item][et_pb_accordion_item title=\u00bbPara empresas que est\u00e1n llegando a Colombia, con trayectoria en otros pa\u00edses, \u00bfc\u00f3mo se suple los requisitos de codeudor para la p\u00f3liza?\u00bb _builder_version=\u00bb4.16&#8243; _module_preset=\u00bbdefault\u00bb global_colors_info=\u00bb{}\u00bb open=\u00bboff\u00bb]<\/p>\n<p>Para empresas extranjeras ser\u00eda posible mirar el an\u00e1lisis del negocio, con un respaldo de garant\u00eda l\u00edquida que respalde la capacidad de pago del inquilino..<\/p>\n<p>[\/et_pb_accordion_item][et_pb_accordion_item title=\u00bb\u00bfLos productos de arrendamiento Sura aplican para arrendamiento de bodegas?\u00bb _builder_version=\u00bb4.16&#8243; _module_preset=\u00bbdefault\u00bb global_colors_info=\u00bb{}\u00bb open=\u00bboff\u00bb]<\/p>\n<p>El seguro de Arrendamiento aplica para inmuebles residenciales y para comerciales, de esta manera, es posible aceptar asegurar bajo el seguro de arrendamiento bodegas o espacios comerciales.<\/p>\n<p>[\/et_pb_accordion_item][\/et_pb_accordion][\/et_pb_column][\/et_pb_row][\/et_pb_section][et_pb_section fb_built=\u00bb1&#8243; admin_label=\u00bbContact Section\u00bb _builder_version=\u00bb4.16&#8243; background_color=\u00bb#232220&#8243; use_background_color_gradient=\u00bbon\u00bb background_color_gradient_direction=\u00bb0deg\u00bb background_color_gradient_stops=\u00bb#0B3951 50%|#ffffff 50%\u00bb background_color_gradient_start=\u00bb#0B3951&#8243; background_color_gradient_start_position=\u00bb50%\u00bb background_color_gradient_end=\u00bb#ffffff\u00bb background_color_gradient_end_position=\u00bb50%\u00bb custom_padding=\u00bb120px|0px|80px|0px|false|false\u00bb global_colors_info=\u00bb{}\u00bb][et_pb_row admin_label=\u00bbContact Form Row\u00bb _builder_version=\u00bb4.16&#8243; background_color=\u00bb#1E8F8B \u00bb custom_padding=\u00bb80px|40px|80px|40px|true|true\u00bb animation_style=\u00bbzoom\u00bb animation_intensity_zoom=\u00bb10%\u00bb border_radii=\u00bbon|8px|8px|8px|8px\u00bb box_shadow_style=\u00bbpreset3&#8243; box_shadow_vertical=\u00bb144px\u00bb box_shadow_blur=\u00bb80px\u00bb box_shadow_spread=\u00bb-80px\u00bb box_shadow_color=\u00bbrgba(0,0,0,0.12)\u00bb global_colors_info=\u00bb{}\u00bb][et_pb_column type=\u00bb4_4&#8243; _builder_version=\u00bb4.16&#8243; custom_padding=\u00bb|||\u00bb global_colors_info=\u00bb{}\u00bb custom_padding__hover=\u00bb|||\u00bb][et_pb_text admin_label=\u00bbTitle\u00bb _builder_version=\u00bb4.16&#8243; text_font=\u00bbLora||||||||\u00bb text_font_size=\u00bb18px\u00bb text_line_height=\u00bb2em\u00bb link_font=\u00bb||||||||\u00bb ul_font=\u00bb||||||||\u00bb ol_font=\u00bb||||||||\u00bb quote_font=\u00bb||||||||\u00bb header_font=\u00bb||||||||\u00bb header_2_font=\u00bbBe Vietnam||||||||\u00bb header_2_font_size=\u00bb50px\u00bb header_2_line_height=\u00bb1.5em\u00bb header_5_font=\u00bbOswald|||on|||||\u00bb header_5_text_color=\u00bbrgba(255,255,255,0.4)\u00bb header_5_font_size=\u00bb20px\u00bb header_5_letter_spacing=\u00bb3px\u00bb header_5_line_height=\u00bb1.7em\u00bb text_orientation=\u00bbcenter\u00bb background_layout=\u00bbdark\u00bb max_width=\u00bb750px\u00bb module_alignment=\u00bbcenter\u00bb custom_padding=\u00bb|||\u00bb text_line_height_last_edited=\u00bboff|desktop\u00bb header_2_font_size_tablet=\u00bb\u00bb header_2_font_size_phone=\u00bb36px\u00bb header_2_font_size_last_edited=\u00bbon|desktop\u00bb header_2_text_shadow_style=\u00bbpreset2&#8243; global_colors_info=\u00bb{}\u00bb]<\/p>\n<h5>Email<\/h5>\n<h2>Envianos un mensaje<\/h2>\n<p>[\/et_pb_text][et_pb_contact_form captcha=\u00bboff\u00bb module_id=\u00bbet_pb_contact_form_0&#8243; _builder_version=\u00bb4.16&#8243; _unique_id=\u00bb13e50915-c5a3-4986-9de4-0f47d19cb0fc\u00bb form_field_background_color=\u00bbrgba(0,0,0,0.1)\u00bb form_field_text_color=\u00bb#ffffff\u00bb title_level=\u00bbh2&#8243; title_font=\u00bbLora|700|||||||\u00bb title_text_align=\u00bbcenter\u00bb title_text_color=\u00bb#ffffff\u00bb title_font_size=\u00bb50px\u00bb title_line_height=\u00bb1.5em\u00bb form_field_font=\u00bbLora||||||||\u00bb form_field_font_size=\u00bb16px\u00bb custom_button=\u00bbon\u00bb button_text_size=\u00bb18px\u00bb button_text_color=\u00bb#ffffff\u00bb button_border_width=\u00bb0px\u00bb button_border_radius=\u00bb0px\u00bb button_font=\u00bbLora|700|||||||\u00bb button_icon=\u00bb&#xe03c;||divi||400&#8243; button_on_hover=\u00bboff\u00bb max_width=\u00bb750px\u00bb max_width_last_edited=\u00bboff|desktop\u00bb module_alignment=\u00bbcenter\u00bb custom_margin=\u00bb|||\u00bb custom_margin_tablet=\u00bb|50px||50px\u00bb custom_margin_phone=\u00bb|50px||50px\u00bb custom_margin_last_edited=\u00bboff|desktop\u00bb border_radii=\u00bbon|5px|5px|5px|5px\u00bb form_background_color=\u00bbrgba(0,0,0,0.1)\u00bb global_colors_info=\u00bb{}\u00bb][et_pb_contact_field field_id=\u00bbNombre\u00bb field_title=\u00bbNombre\u00bb _builder_version=\u00bb4.16&#8243; global_colors_info=\u00bb{}\u00bb button_text_size__hover_enabled=\u00bboff\u00bb button_one_text_size__hover_enabled=\u00bboff\u00bb button_two_text_size__hover_enabled=\u00bboff\u00bb button_text_color__hover_enabled=\u00bboff\u00bb button_one_text_color__hover_enabled=\u00bboff\u00bb button_two_text_color__hover_enabled=\u00bboff\u00bb button_border_width__hover_enabled=\u00bboff\u00bb button_one_border_width__hover_enabled=\u00bboff\u00bb button_two_border_width__hover_enabled=\u00bboff\u00bb button_border_color__hover_enabled=\u00bboff\u00bb button_one_border_color__hover_enabled=\u00bboff\u00bb button_two_border_color__hover_enabled=\u00bboff\u00bb button_border_radius__hover_enabled=\u00bboff\u00bb button_one_border_radius__hover_enabled=\u00bboff\u00bb button_two_border_radius__hover_enabled=\u00bboff\u00bb button_letter_spacing__hover_enabled=\u00bboff\u00bb button_one_letter_spacing__hover_enabled=\u00bboff\u00bb button_two_letter_spacing__hover_enabled=\u00bboff\u00bb button_bg_color__hover_enabled=\u00bboff\u00bb button_one_bg_color__hover_enabled=\u00bboff\u00bb button_two_bg_color__hover_enabled=\u00bboff\u00bb][\/et_pb_contact_field][et_pb_contact_field field_id=\u00bbEmail\u00bb field_title=\u00bbEmail\u00bb field_type=\u00bbemail\u00bb _builder_version=\u00bb4.16&#8243; global_colors_info=\u00bb{}\u00bb button_text_size__hover_enabled=\u00bboff\u00bb button_one_text_size__hover_enabled=\u00bboff\u00bb button_two_text_size__hover_enabled=\u00bboff\u00bb button_text_color__hover_enabled=\u00bboff\u00bb button_one_text_color__hover_enabled=\u00bboff\u00bb button_two_text_color__hover_enabled=\u00bboff\u00bb button_border_width__hover_enabled=\u00bboff\u00bb button_one_border_width__hover_enabled=\u00bboff\u00bb button_two_border_width__hover_enabled=\u00bboff\u00bb button_border_color__hover_enabled=\u00bboff\u00bb button_one_border_color__hover_enabled=\u00bboff\u00bb button_two_border_color__hover_enabled=\u00bboff\u00bb button_border_radius__hover_enabled=\u00bboff\u00bb button_one_border_radius__hover_enabled=\u00bboff\u00bb button_two_border_radius__hover_enabled=\u00bboff\u00bb button_letter_spacing__hover_enabled=\u00bboff\u00bb button_one_letter_spacing__hover_enabled=\u00bboff\u00bb button_two_letter_spacing__hover_enabled=\u00bboff\u00bb button_bg_color__hover_enabled=\u00bboff\u00bb button_one_bg_color__hover_enabled=\u00bboff\u00bb button_two_bg_color__hover_enabled=\u00bboff\u00bb][\/et_pb_contact_field][et_pb_contact_field field_id=\u00bbMensaje\u00bb field_title=\u00bbMensaje\u00bb field_type=\u00bbtext\u00bb fullwidth_field=\u00bbon\u00bb _builder_version=\u00bb4.16&#8243; global_colors_info=\u00bb{}\u00bb button_text_size__hover_enabled=\u00bboff\u00bb button_one_text_size__hover_enabled=\u00bboff\u00bb button_two_text_size__hover_enabled=\u00bboff\u00bb button_text_color__hover_enabled=\u00bboff\u00bb button_one_text_color__hover_enabled=\u00bboff\u00bb button_two_text_color__hover_enabled=\u00bboff\u00bb button_border_width__hover_enabled=\u00bboff\u00bb button_one_border_width__hover_enabled=\u00bboff\u00bb button_two_border_width__hover_enabled=\u00bboff\u00bb button_border_color__hover_enabled=\u00bboff\u00bb button_one_border_color__hover_enabled=\u00bboff\u00bb button_two_border_color__hover_enabled=\u00bboff\u00bb button_border_radius__hover_enabled=\u00bboff\u00bb button_one_border_radius__hover_enabled=\u00bboff\u00bb button_two_border_radius__hover_enabled=\u00bboff\u00bb button_letter_spacing__hover_enabled=\u00bboff\u00bb button_one_letter_spacing__hover_enabled=\u00bboff\u00bb button_two_letter_spacing__hover_enabled=\u00bboff\u00bb button_bg_color__hover_enabled=\u00bboff\u00bb button_one_bg_color__hover_enabled=\u00bboff\u00bb button_two_bg_color__hover_enabled=\u00bboff\u00bb][\/et_pb_contact_field][\/et_pb_contact_form][\/et_pb_column][\/et_pb_row][et_pb_row admin_label=\u00bbContact Info Row\u00bb _builder_version=\u00bb4.16&#8243; custom_margin=\u00bb50px|||\u00bb global_colors_info=\u00bb{}\u00bb][et_pb_column type=\u00bb4_4&#8243; _builder_version=\u00bb4.16&#8243; custom_padding=\u00bb|||\u00bb global_colors_info=\u00bb{}\u00bb custom_padding__hover=\u00bb|||\u00bb][et_pb_blurb admin_label=\u00bbContact Info\u00bb _builder_version=\u00bb4.20.4&#8243; header_font=\u00bbOswald|||on|||||\u00bb header_text_align=\u00bbcenter\u00bb header_font_size=\u00bb20px\u00bb header_letter_spacing=\u00bb3px\u00bb header_line_height=\u00bb1.5em\u00bb body_font=\u00bbBe Vietnam|300|||||||\u00bb body_text_color=\u00bb#ffffff\u00bb body_font_size=\u00bb20px\u00bb body_line_height=\u00bb2em\u00bb background_layout=\u00bbdark\u00bb hover_enabled=\u00bb0&#8243; global_colors_info=\u00bb{}\u00bb sticky_enabled=\u00bb0&#8243;]<\/p>\n<p style=\"text-align: center;\"><span style=\"color: #ffffff;\"><a href=\"mailto:carolinagiraldov@sura.com.co\">ktsanchez@sura.com.co<\/a> <\/span><\/p>\n<p style=\"text-align: center;\">Celular y WhatsApp: 3175021009<\/p>\n<p>[\/et_pb_blurb][et_pb_blurb admin_label=\u00bbContact Info\u00bb _builder_version=\u00bb4.20.4&#8243; header_font=\u00bbOswald|||on|||||\u00bb header_text_align=\u00bbcenter\u00bb header_font_size=\u00bb20px\u00bb header_letter_spacing=\u00bb3px\u00bb header_line_height=\u00bb1.5em\u00bb body_font=\u00bbBe Vietnam|300|||||||\u00bb body_text_color=\u00bb#ffffff\u00bb body_font_size=\u00bb20px\u00bb body_line_height=\u00bb2em\u00bb background_layout=\u00bbdark\u00bb hover_enabled=\u00bb0&#8243; global_colors_info=\u00bb{}\u00bb sticky_enabled=\u00bb0&#8243;]<\/p>\n<p style=\"text-align: center;\">Tel\u00e9fono: (604) 3223686 Ext. 101<\/p>\n<p>[\/et_pb_blurb][\/et_pb_column][\/et_pb_row][\/et_pb_section][et_pb_section fb_built=\u00bb1&#8243; _builder_version=\u00bb4.16&#8243; _module_preset=\u00bbdefault\u00bb custom_padding=\u00bb0px||0px||false|false\u00bb global_colors_info=\u00bb{}\u00bb][et_pb_row _builder_version=\u00bb4.16&#8243; _module_preset=\u00bbdefault\u00bb width=\u00bb100%\u00bb max_width=\u00bb100%\u00bb custom_margin=\u00bb0px||||false|false\u00bb custom_padding=\u00bb0px||||false|false\u00bb global_colors_info=\u00bb{}\u00bb][et_pb_column type=\u00bb4_4&#8243; _builder_version=\u00bb4.16&#8243; _module_preset=\u00bbdefault\u00bb global_colors_info=\u00bb{}\u00bb][et_pb_code _builder_version=\u00bb4.16&#8243; _module_preset=\u00bbdefault\u00bb global_colors_info=\u00bb{}\u00bb]<iframe loading=\"lazy\" src=\"https:\/\/www.google.com\/maps\/embed?pb=!1m18!1m12!1m3!1d126916.69937756709!2d-75.65125261264116!3d6.244369472095194!2m3!1f0!2f0!3f0!3m2!1i1024!2i768!4f13.1!3m3!1m2!1s0x8e4428dfb80fad05%3A0x42137cfcc7b53b56!2sMedell%C3%ADn%2C%20Antioquia!5e0!3m2!1ses-419!2sco!4v1611067220268!5m2!1ses-419!2sco\" width=\"100%\" height=\"400\" frameborder=\"0\" style=\"border:0;\" allowfullscreen=\"\" aria-hidden=\"false\" tabindex=\"0\"><\/iframe>[\/et_pb_code][\/et_pb_column][\/et_pb_row][\/et_pb_section]<\/p>\n","protected":false},"excerpt":{"rendered":"<p>Preguntas frecuentesIndependientemente de su condici\u00f3n de extranjero, el inquilino debe demostrar ingresos nacionales que le permitan a la ley colombiana intervenirlos, de lo contrario, no hay viabilidad para el extranjero, aun con cartera colectiva.Es posible estudiarlos y asegurarlos con autorizaci\u00f3n especial del centro de suscripci\u00f3n de SURA.El contrato lo elabora SURA. En casos excepcionales, cuando [&hellip;]<\/p>\n","protected":false},"author":1,"featured_media":0,"parent":0,"menu_order":0,"comment_status":"closed","ping_status":"closed","template":"","meta":{"_et_pb_use_builder":"on","_et_pb_old_content":"<!-- wp:divi\/placeholder \/-->","_et_gb_content_width":"","footnotes":""},"class_list":["post-140","page","type-page","status-publish","hentry"],"_links":{"self":[{"href":"https:\/\/www.surent.com.co\/index.php?rest_route=\/wp\/v2\/pages\/140","targetHints":{"allow":["GET"]}}],"collection":[{"href":"https:\/\/www.surent.com.co\/index.php?rest_route=\/wp\/v2\/pages"}],"about":[{"href":"https:\/\/www.surent.com.co\/index.php?rest_route=\/wp\/v2\/types\/page"}],"author":[{"embeddable":true,"href":"https:\/\/www.surent.com.co\/index.php?rest_route=\/wp\/v2\/users\/1"}],"replies":[{"embeddable":true,"href":"https:\/\/www.surent.com.co\/index.php?rest_route=%2Fwp%2Fv2%2Fcomments&post=140"}],"version-history":[{"count":25,"href":"https:\/\/www.surent.com.co\/index.php?rest_route=\/wp\/v2\/pages\/140\/revisions"}],"predecessor-version":[{"id":1330,"href":"https:\/\/www.surent.com.co\/index.php?rest_route=\/wp\/v2\/pages\/140\/revisions\/1330"}],"wp:attachment":[{"href":"https:\/\/www.surent.com.co\/index.php?rest_route=%2Fwp%2Fv2%2Fmedia&parent=140"}],"curies":[{"name":"wp","href":"https:\/\/api.w.org\/{rel}","templated":true}]}}